{"id":18,"date":"2018-08-20T11:05:55","date_gmt":"2018-08-20T11:05:55","guid":{"rendered":"https:\/\/www.vilkasviikko.fi\/2020\/?page_id=18"},"modified":"2025-10-13T10:42:59","modified_gmt":"2025-10-13T07:42:59","slug":"home","status":"publish","type":"page","link":"https:\/\/www.vilkasviikko.fi\/2026\/","title":{"rendered":"Vilkas"},"content":{"rendered":"","protected":false},"excerpt":{"rendered":"","protected":false},"author":7,"featured_media":2437,"parent":0,"menu_order":-1,"comment_status":"closed","ping_status":"closed","template":"page-templates\/no-sidebar.php","meta":{"_acf_changed":false,"footnotes":""},"class_list":["post-18","page","type-page","status-publish","has-post-thumbnail","hentry"],"acf":[],"yoast_head":"<!-- This site is optimized with the Yoast SEO plugin v20.7 - https:\/\/yoast.com\/wordpress\/plugins\/seo\/ -->\n<title>Vilkas-viikko 2026 - V\u00e4ri\u00e4 ja makua suomalaisista kasviksista<\/title>\n<meta name=\"description\" content=\"Lis\u00e4\u00e4 v\u00e4ri\u00e4 ja makua ruokaan! Apetit tarjoaa oppilas- ja lounasravintoloiden keitti\u00f6ille laadittuja reseptej\u00e4, joissa hy\u00f6dynnet\u00e4\u00e4n suomalaisia kasviksia.\" \/>\n<meta name=\"robots\" content=\"index, follow, max-snippet:-1, max-image-preview:large, max-video-preview:-1\" \/>\n<link rel=\"canonical\" href=\"https:\/\/www.vilkasviikko.fi\/2026\/\" \/>\n<meta property=\"og:locale\" content=\"fi_FI\" \/>\n<meta property=\"og:type\" content=\"article\" \/>\n<meta property=\"og:title\" content=\"Vilkas-viikko 2026 - V\u00e4ri\u00e4 ja makua suomalaisista kasviksista\" \/>\n<meta property=\"og:description\" content=\"Lis\u00e4\u00e4 v\u00e4ri\u00e4 ja makua ruokaan! Apetit tarjoaa oppilas- ja lounasravintoloiden keitti\u00f6ille laadittuja reseptej\u00e4, joissa hy\u00f6dynnet\u00e4\u00e4n suomalaisia kasviksia.\" \/>\n<meta property=\"og:url\" content=\"https:\/\/www.vilkasviikko.fi\/2026\/\" \/>\n<meta property=\"og:site_name\" content=\"Vilkasviikko 2026\" \/>\n<meta property=\"article:modified_time\" content=\"2025-10-13T07:42:59+00:00\" \/>\n<meta property=\"og:image\" content=\"https:\/\/www.vilkasviikko.fi\/2026\/wp-content\/uploads\/sites\/6\/2025\/05\/Maku-maku-festarit-2025-verkkosivuille.jpg\" \/>\n\t<meta property=\"og:image:width\" content=\"2000\" \/>\n\t<meta property=\"og:image:height\" content=\"1125\" \/>\n\t<meta property=\"og:image:type\" content=\"image\/jpeg\" \/>\n<meta name=\"twitter:card\" content=\"summary_large_image\" \/>\n<script type=\"application\/ld+json\" class=\"yoast-schema-graph\">{\"@context\":\"https:\/\/schema.org\",\"@graph\":[{\"@type\":\"WebPage\",\"@id\":\"https:\/\/www.vilkasviikko.fi\/2026\/\",\"url\":\"https:\/\/www.vilkasviikko.fi\/2026\/\",\"name\":\"Vilkas-viikko 2026 - V\u00e4ri\u00e4 ja makua suomalaisista kasviksista\",\"isPartOf\":{\"@id\":\"https:\/\/www.vilkasviikko.fi\/2026\/#website\"},\"datePublished\":\"2018-08-20T11:05:55+00:00\",\"dateModified\":\"2025-10-13T07:42:59+00:00\",\"description\":\"Lis\u00e4\u00e4 v\u00e4ri\u00e4 ja makua ruokaan! Apetit tarjoaa oppilas- ja lounasravintoloiden keitti\u00f6ille laadittuja reseptej\u00e4, joissa hy\u00f6dynnet\u00e4\u00e4n suomalaisia kasviksia.\",\"breadcrumb\":{\"@id\":\"https:\/\/www.vilkasviikko.fi\/2026\/#breadcrumb\"},\"inLanguage\":\"fi\",\"potentialAction\":[{\"@type\":\"ReadAction\",\"target\":[\"https:\/\/www.vilkasviikko.fi\/2026\/\"]}]},{\"@type\":\"BreadcrumbList\",\"@id\":\"https:\/\/www.vilkasviikko.fi\/2026\/#breadcrumb\",\"itemListElement\":[{\"@type\":\"ListItem\",\"position\":1,\"name\":\"Home\",\"item\":\"https:\/\/www.vilkasviikko.fi\/2026\/\"},{\"@type\":\"ListItem\",\"position\":2,\"name\":\"Vilkas\"}]},{\"@type\":\"WebSite\",\"@id\":\"https:\/\/www.vilkasviikko.fi\/2026\/#website\",\"url\":\"https:\/\/www.vilkasviikko.fi\/2026\/\",\"name\":\"Vilkasviikko 2026\",\"description\":\"Apetit ja Atria kutsuvat oppilas- ja lounasravintoloiden ammattilaiset nostamaan tietoisuutta vastuullisesti tuotetuista raaka-aineista ja niiden alkuper\u00e4st\u00e4. Vilkas-viikon keitti\u00f6ille tarjotaan runsas reseptiikka ja sympaattiset Pelle Pel\u00e4tti -ruokalasomisteet.\",\"publisher\":{\"@id\":\"https:\/\/www.vilkasviikko.fi\/2026\/#organization\"},\"potentialAction\":[{\"@type\":\"SearchAction\",\"target\":{\"@type\":\"EntryPoint\",\"urlTemplate\":\"https:\/\/www.vilkasviikko.fi\/2026\/?s={search_term_string}\"},\"query-input\":\"required name=search_term_string\"}],\"inLanguage\":\"fi\"},{\"@type\":\"Organization\",\"@id\":\"https:\/\/www.vilkasviikko.fi\/2026\/#organization\",\"name\":\"Vilkasviikko 2026\",\"url\":\"https:\/\/www.vilkasviikko.fi\/2026\/\",\"logo\":{\"@type\":\"ImageObject\",\"inLanguage\":\"fi\",\"@id\":\"https:\/\/www.vilkasviikko.fi\/2026\/#\/schema\/logo\/image\/\",\"url\":\"https:\/\/www.vilkasviikko.fi\/2026\/wp-content\/uploads\/sites\/6\/2018\/08\/cropped-apetit_vilkas_logo-e1599471662527-1.png\",\"contentUrl\":\"https:\/\/www.vilkasviikko.fi\/2026\/wp-content\/uploads\/sites\/6\/2018\/08\/cropped-apetit_vilkas_logo-e1599471662527-1.png\",\"width\":112,\"height\":75,\"caption\":\"Vilkasviikko 2026\"},\"image\":{\"@id\":\"https:\/\/www.vilkasviikko.fi\/2026\/#\/schema\/logo\/image\/\"}}]}<\/script>\n<!-- \/ Yoast SEO plugin. -->","yoast_head_json":{"title":"Vilkas-viikko 2026 - V\u00e4ri\u00e4 ja makua suomalaisista kasviksista","description":"Lis\u00e4\u00e4 v\u00e4ri\u00e4 ja makua ruokaan! Apetit tarjoaa oppilas- ja lounasravintoloiden keitti\u00f6ille laadittuja reseptej\u00e4, joissa hy\u00f6dynnet\u00e4\u00e4n suomalaisia kasviksia.","robots":{"index":"index","follow":"follow","max-snippet":"max-snippet:-1","max-image-preview":"max-image-preview:large","max-video-preview":"max-video-preview:-1"},"canonical":"https:\/\/www.vilkasviikko.fi\/2026\/","og_locale":"fi_FI","og_type":"article","og_title":"Vilkas-viikko 2026 - V\u00e4ri\u00e4 ja makua suomalaisista kasviksista","og_description":"Lis\u00e4\u00e4 v\u00e4ri\u00e4 ja makua ruokaan! Apetit tarjoaa oppilas- ja lounasravintoloiden keitti\u00f6ille laadittuja reseptej\u00e4, joissa hy\u00f6dynnet\u00e4\u00e4n suomalaisia kasviksia.","og_url":"https:\/\/www.vilkasviikko.fi\/2026\/","og_site_name":"Vilkasviikko 2026","article_modified_time":"2025-10-13T07:42:59+00:00","og_image":[{"width":2000,"height":1125,"url":"https:\/\/www.vilkasviikko.fi\/2026\/wp-content\/uploads\/sites\/6\/2025\/05\/Maku-maku-festarit-2025-verkkosivuille.jpg","type":"image\/jpeg"}],"twitter_card":"summary_large_image","schema":{"@context":"https:\/\/schema.org","@graph":[{"@type":"WebPage","@id":"https:\/\/www.vilkasviikko.fi\/2026\/","url":"https:\/\/www.vilkasviikko.fi\/2026\/","name":"Vilkas-viikko 2026 - V\u00e4ri\u00e4 ja makua suomalaisista kasviksista","isPartOf":{"@id":"https:\/\/www.vilkasviikko.fi\/2026\/#website"},"datePublished":"2018-08-20T11:05:55+00:00","dateModified":"2025-10-13T07:42:59+00:00","description":"Lis\u00e4\u00e4 v\u00e4ri\u00e4 ja makua ruokaan! Apetit tarjoaa oppilas- ja lounasravintoloiden keitti\u00f6ille laadittuja reseptej\u00e4, joissa hy\u00f6dynnet\u00e4\u00e4n suomalaisia kasviksia.","breadcrumb":{"@id":"https:\/\/www.vilkasviikko.fi\/2026\/#breadcrumb"},"inLanguage":"fi","potentialAction":[{"@type":"ReadAction","target":["https:\/\/www.vilkasviikko.fi\/2026\/"]}]},{"@type":"BreadcrumbList","@id":"https:\/\/www.vilkasviikko.fi\/2026\/#breadcrumb","itemListElement":[{"@type":"ListItem","position":1,"name":"Home","item":"https:\/\/www.vilkasviikko.fi\/2026\/"},{"@type":"ListItem","position":2,"name":"Vilkas"}]},{"@type":"WebSite","@id":"https:\/\/www.vilkasviikko.fi\/2026\/#website","url":"https:\/\/www.vilkasviikko.fi\/2026\/","name":"Vilkasviikko 2026","description":"Apetit ja Atria kutsuvat oppilas- ja lounasravintoloiden ammattilaiset nostamaan tietoisuutta vastuullisesti tuotetuista raaka-aineista ja niiden alkuper\u00e4st\u00e4. Vilkas-viikon keitti\u00f6ille tarjotaan runsas reseptiikka ja sympaattiset Pelle Pel\u00e4tti -ruokalasomisteet.","publisher":{"@id":"https:\/\/www.vilkasviikko.fi\/2026\/#organization"},"potentialAction":[{"@type":"SearchAction","target":{"@type":"EntryPoint","urlTemplate":"https:\/\/www.vilkasviikko.fi\/2026\/?s={search_term_string}"},"query-input":"required name=search_term_string"}],"inLanguage":"fi"},{"@type":"Organization","@id":"https:\/\/www.vilkasviikko.fi\/2026\/#organization","name":"Vilkasviikko 2026","url":"https:\/\/www.vilkasviikko.fi\/2026\/","logo":{"@type":"ImageObject","inLanguage":"fi","@id":"https:\/\/www.vilkasviikko.fi\/2026\/#\/schema\/logo\/image\/","url":"https:\/\/www.vilkasviikko.fi\/2026\/wp-content\/uploads\/sites\/6\/2018\/08\/cropped-apetit_vilkas_logo-e1599471662527-1.png","contentUrl":"https:\/\/www.vilkasviikko.fi\/2026\/wp-content\/uploads\/sites\/6\/2018\/08\/cropped-apetit_vilkas_logo-e1599471662527-1.png","width":112,"height":75,"caption":"Vilkasviikko 2026"},"image":{"@id":"https:\/\/www.vilkasviikko.fi\/2026\/#\/schema\/logo\/image\/"}}]}},"_links":{"self":[{"href":"https:\/\/www.vilkasviikko.fi\/2026\/wp-json\/wp\/v2\/pages\/18"}],"collection":[{"href":"https:\/\/www.vilkasviikko.fi\/2026\/wp-json\/wp\/v2\/pages"}],"about":[{"href":"https:\/\/www.vilkasviikko.fi\/2026\/wp-json\/wp\/v2\/types\/page"}],"author":[{"embeddable":true,"href":"https:\/\/www.vilkasviikko.fi\/2026\/wp-json\/wp\/v2\/users\/7"}],"replies":[{"embeddable":true,"href":"https:\/\/www.vilkasviikko.fi\/2026\/wp-json\/wp\/v2\/comments?post=18"}],"version-history":[{"count":266,"href":"https:\/\/www.vilkasviikko.fi\/2026\/wp-json\/wp\/v2\/pages\/18\/revisions"}],"predecessor-version":[{"id":2524,"href":"https:\/\/www.vilkasviikko.fi\/2026\/wp-json\/wp\/v2\/pages\/18\/revisions\/2524"}],"wp:featuredmedia":[{"embeddable":true,"href":"https:\/\/www.vilkasviikko.fi\/2026\/wp-json\/wp\/v2\/media\/2437"}],"wp:attachment":[{"href":"https:\/\/www.vilkasviikko.fi\/2026\/wp-json\/wp\/v2\/media?parent=18"}],"curies":[{"name":"wp","href":"https:\/\/api.w.org\/{rel}","templated":true}]}}